{"id":2475,"date":"2022-08-24T15:18:53","date_gmt":"2022-08-24T13:18:53","guid":{"rendered":"https:\/\/blubase.com\/fr\/?page_id=2475"},"modified":"2023-07-24T10:10:57","modified_gmt":"2023-07-24T08:10:57","slug":"notre_parcours","status":"publish","type":"page","link":"https:\/\/blubase.com\/fr\/notre_parcours\/","title":{"rendered":"Notre parcours"},"content":{"rendered":"\n<section class=\"hh-block block-row\"data-mb=\"large\">\n    <div class=\"block-row__row row block-row__row--align-stretch\">\n                \n\n<div class=\"hh-block block-column col col--1 col--lg-1\/1\">\n    \n<h2 class=\"hh-block block-heading block-heading--id-69e34a834939c h2\"data-mb=\"smaller\" id=\"hh-heading-6b261659-6180-4426-8fe7-d0f4b5afd165\"\">Lorsque plusieurs points forts se conjuguent, l\u2019\u00e9nergie est d\u00e9cupl\u00e9e<\/h2>\n\n<p class=\"hh-block block-paragraph block-paragraph--id-69e34a8349468\"data-mb=\"small\">BluBase est le fruit de la fusion de Solar Construct Nederland et de Solarstell. Offrant un potentiel de croissance suppl\u00e9mentaire, cette alliance permettra de renforcer le positionnement de ces deux organisations.<\/p>\n\n<p class=\"hh-block block-paragraph block-paragraph--id-69e34a8349525\"data-mb=\"small\">Avec notre si\u00e8ge social \u00e0 Zwolle et une succursale \u00e0 Rijswijk, nous sommes pr\u00eats \u00e0 aborder ensemble la prochaine \u00e9tape&nbsp;! C\u2019est ensemble que nous allons franchir une nouvelle \u00e9tape vers la transition \u00e9nerg\u00e9tique. En tant que client, BluBase vous procure des avantages sur tous les plans&nbsp;: une plus vaste gamme de produits tout en b\u00e9n\u00e9ficiant du m\u00eame service. Et vous pourrez continuer \u00e0 commander vos syst\u00e8mes de montage habituels tels que Next, Connect, RoBoost, RoFast ou les ancrages QS PV.<\/p>\n\n<p class=\"hh-block block-paragraph block-paragraph--id-69e34a83495a4\"data-mb=\"small\"><\/p>\n<\/div>\n            <\/div>\n<\/section>\n\n\n\n<section class=\"hh-block block-row\"data-mb=\"smaller\">\n    <div class=\"block-row__row row block-row__row--preset-1\/2|1\/2 block-row__row--align-stretch\">\n                \n\n<div class=\"hh-block block-column col col--1 col--lg-1\/2\">\n    \n\n\n\n\n<\/div>\n\n\n<div class=\"hh-block block-column col col--1 col--lg-1\/2\">\n    \n\n\n\n    <div class=\"hh-block block-image\"\n         data-mt=\"regular\"         data-mb=\"regular\"         data-horizontal-align=\"centered\"\n         data-vertical-align=\"centered\"\n         data-mobile-align=\"centered\">\n\n        <figure class=\"block-image__inner\" style=\"max-width: 1920px\">\n\n            \n            <div class=\"block-image__image-container\">\n\n                <picture class=\"block-image__picture\" draggable=\"false\">\n\n                    \n                        <source media=\"(min-width: 414px)\"\n                                width=\"1920px\"\n                                height=\"317px\"\n                                srcset=\"https:\/\/blubase.com\/fr\/wp-content\/uploads\/sites\/2\/2022\/08\/SolarStell_logo_zwart-scaled.jpg\"\/>\n\n                        <source media=\"(min-width: 0px)\"\n                                width=\"360px\"\n                                height=\"59px\"\n                                srcset=\"https:\/\/blubase.com\/fr\/wp-content\/uploads\/sites\/2\/2022\/08\/SolarStell_logo_zwart-scaled.jpg 2x, https:\/\/blubase.com\/fr\/wp-content\/uploads\/sites\/2\/2022\/08\/SolarStell_logo_zwart-scaled.jpg\"\/>\n\n                    \n                    <img decoding=\"async\" loading=\"lazy\"\n                         class=\"block-image__image\"\n                         alt=\"SolarStell_logo_fc_outline\"\n                         src=\"https:\/\/blubase.com\/fr\/wp-content\/uploads\/sites\/2\/2022\/08\/SolarStell_logo_zwart-scaled.jpg\"\n                         width=\"1920px\"                         height=\"317px\"\/>\n\n                <\/picture>\n\n                                    <div\n                        class=\"block-image__holder block-image__holder--desktop\"\n                        style=\"aspect-ratio: 1920\/317; max-width: 1920px\">\n                    <\/div>\n                \n                                    <div\n                        class=\"block-image__holder block-image__holder--mobile\"\n                        style=\"aspect-ratio: 360\/59; max-width: 360px\">\n                    <\/div>\n                \n            <\/div>\n\n            \n            \n        <\/figure>\n\n    <\/div>\n\n\n\n<\/div>\n            <\/div>\n<\/section>\n\n\n\n<section class=\"hh-block block-row\"data-mb=\"small\">\n    <div class=\"block-row__row row block-row__row--preset-1\/2|1\/2 block-row__row--align-stretch\">\n                \n\n<div class=\"hh-block block-column col col--1 col--lg-1\/2\">\n    \n<p class=\"hh-block block-paragraph block-paragraph--id-69e34a834c30b\">\u00c9tablie \u00e0 Maasdijk, la soci\u00e9t\u00e9 Solar Construct fabrique des syst\u00e8mes de montage pour panneaux solaires et produit notamment des marques r\u00e9put\u00e9es telles que RoBoost, RoFast et les ancrages QS PV. Solar Construct sera donc toujours en mesure de proposer des solutions de montage adapt\u00e9es aux toits terrasses, inclin\u00e9s et sans ballast. Toujours pr\u00eate \u00e0 donner des conseils avis\u00e9s \u00e0 ses clients, elle propose un service complet.<\/p>\n<\/div>\n\n\n<div class=\"hh-block block-column col col--1 col--lg-1\/2\">\n    \n<p class=\"hh-block block-paragraph block-paragraph--id-69e34a834c430\">Bien connue sur le march\u00e9, la soci\u00e9t\u00e9 Solarstell est \u00e9tablie \u00e0 Zwolle o\u00f9 elle produit et fournit des syst\u00e8mes de montage pour panneaux solaires. Gr\u00e2ce \u00e0 ses syst\u00e8mes de montage Next et Connect, Solarstell propose une solution adapt\u00e9e aux toits inclin\u00e9s et aux toits terrasses. Produisant ses syst\u00e8mes en interne et travaillant main dans la main avec les installateurs, Solarstell est en mesure de r\u00e9agir rapidement.<\/p>\n<\/div>\n            <\/div>\n<\/section>\n\n\n\n<section class=\"hh-block block-row block-row--stretch-full-width block-row--full-width\">\n    <div class=\"block-row__row row block-row__row--align-stretch\">\n                \n\n<div class=\"hh-block block-column col col--1 col--lg-1\/1\">\n    \n\n\n    \n    <section class=\"hh-block block-banner\"\n             data-video-loading=\"false\"\n             data-video-active=\"false\"\n             data-video-container-id=\"video-container-69e34a834d3bf\"\n             data-video-display=\"popup\"\n             data-video-type=\"\"\n             data-video-identifier=\"\"\n             data-mt=\"none\"             data-mb=\"none\">\n\n        <figure class=\"block-banner__image-container\">\n\n            <picture class=\"block-banner__picture\"\n                     draggable=\"false\">\n\n                \n                <img decoding=\"async\" loading=\"lazy\"\n                     class=\"block-banner__image\"\n                     style=\"object-position: center center\"\n                     draggable=\"false\"\n                     src=\"https:\/\/blubase.com\/fr\/wp-content\/uploads\/sites\/2\/2022\/08\/Blubase-roboost-montagesysteem-voor-golfplaten-dak-overzicht-1920x480.jpg\"\n                     alt=\"Blubase roboost montagesysteem voor golfplaten dak overzicht\"\n                     width=\"1920px\"                     height=\"480px\"\/>\n\n            <\/picture>\n\n        <\/figure>\n\n        \n        <div class=\"block-banner__meta\">\n            <div class=\"block-banner__container container\">\n                <div class=\"block-banner__row row\">\n                    <div class=\"col col--1 col--md-5\/12\">\n                        <div class=\"block-banner__headline align-center\">\n\n                                                            <span class=\"block-banner__heading h1 text-light\">\n                                    Vous souhaitez en savoir plus sur <span class=\"block-contact__highlight\">BluBase<\/span> ?                                    <\/span>\n                            \n                                                            <div class=\"block-banner__buttons\">\n                                                                            <a href=\"https:\/\/blubase.com\/fr\/a-propos-de-nous\/\"\n                                           target=\"_self\"\n                                           class=\"btn\"\n                                           role=\"button\"\n                                           title=\"Bienvenue sur le site de BluBase\"\n                                                                                       data-button-color=\"primary\"\n                                           data-button-txtColor=\"light\"\n                                           data-button-style=\"filled\"\n                                           data-button-size=\"large\"\n                                            >\n                                                <span class=\"text\">\n                                                    Bienvenue sur le site de BluBase                                                <\/span>\n                                                                                    <\/a>\n                                                                    <\/div>\n\n                            \n                        <\/div>\n                    <\/div>\n                <\/div>\n            <\/div>\n        <\/div>\n    <\/section>\n\n\n<\/div>\n            <\/div>\n<\/section>\n","protected":false},"excerpt":{"rendered":"","protected":false},"author":2,"featured_media":0,"parent":0,"menu_order":4,"comment_status":"closed","ping_status":"closed","template":"","meta":{"_acf_changed":false,"footnotes":""},"class_list":["post-2475","page","type-page","status-publish","hentry"],"acf":[],"yoast_head":"<title>Notre parcours - Blubase<\/title>\n<meta name=\"description\" content=\"BluBase komt voort uit de bundeling van krachten van Solar Construct NL en Solarstell. De fusie versterkt de positie van beide bedrijven.\" \/>\n<meta name=\"robots\" content=\"index, follow, max-snippet:-1, max-image-preview:large, max-video-preview:-1\" \/>\n<link rel=\"canonical\" href=\"https:\/\/blubase.com\/fr\/notre_parcours\/\" \/>\n<meta property=\"og:locale\" content=\"fr_FR\" \/>\n<meta property=\"og:type\" content=\"article\" \/>\n<meta property=\"og:title\" content=\"Onze geschiedenis - Blubase\" \/>\n<meta property=\"og:description\" content=\"Blubase komt voort uit de bundeling van krachten van Solar Construct NL en Solarstell. De fusie versterkt de positie van beide bedrijven.\" \/>\n<meta property=\"og:url\" content=\"https:\/\/blubase.com\/fr\/notre_parcours\/\" \/>\n<meta property=\"og:site_name\" content=\"Blubase\" \/>\n<meta property=\"article:modified_time\" content=\"2023-07-24T08:10:57+00:00\" \/>\n<meta property=\"og:image\" content=\"https:\/\/blubase.com\/fr\/wp-content\/uploads\/sites\/2\/2022\/08\/Blubase-bekendmaking.png\" \/>\n\t<meta property=\"og:image:width\" content=\"1024\" \/>\n\t<meta property=\"og:image:height\" content=\"768\" \/>\n\t<meta property=\"og:image:type\" content=\"image\/png\" \/>\n<meta name=\"twitter:card\" content=\"summary_large_image\" \/>\n<meta name=\"twitter:title\" content=\"Onze geschiedenis - Blubase\" \/>\n<meta name=\"twitter:description\" content=\"Blubase komt voort uit de bundeling van krachten van Solar Construct NL en Solarstell. De fusie versterkt de positie van beide bedrijven.\" \/>\n<meta name=\"twitter:image\" content=\"https:\/\/blubase.com\/fr\/wp-content\/uploads\/sites\/2\/2022\/08\/Blubase-bekendmaking.png\" \/>\n<meta name=\"twitter:label1\" content=\"Dur\u00e9e de lecture estim\u00e9e\" \/>\n\t<meta name=\"twitter:data1\" content=\"2 minutes\" \/>\n<script type=\"application\/ld+json\" class=\"yoast-schema-graph\">{\"@context\":\"https:\\\/\\\/schema.org\",\"@graph\":[{\"@type\":\"WebPage\",\"@id\":\"https:\\\/\\\/blubase.com\\\/fr\\\/notre_parcours\\\/\",\"url\":\"https:\\\/\\\/blubase.com\\\/fr\\\/notre_parcours\\\/\",\"name\":\"Notre parcours - Blubase\",\"isPartOf\":{\"@id\":\"https:\\\/\\\/blubase.com\\\/fr\\\/#website\"},\"datePublished\":\"2022-08-24T13:18:53+00:00\",\"dateModified\":\"2023-07-24T08:10:57+00:00\",\"description\":\"BluBase komt voort uit de bundeling van krachten van Solar Construct NL en Solarstell. De fusie versterkt de positie van beide bedrijven.\",\"breadcrumb\":{\"@id\":\"https:\\\/\\\/blubase.com\\\/fr\\\/notre_parcours\\\/#breadcrumb\"},\"inLanguage\":\"fr-FR\",\"potentialAction\":[{\"@type\":\"ReadAction\",\"target\":[\"https:\\\/\\\/blubase.com\\\/fr\\\/notre_parcours\\\/\"]}]},{\"@type\":\"BreadcrumbList\",\"@id\":\"https:\\\/\\\/blubase.com\\\/fr\\\/notre_parcours\\\/#breadcrumb\",\"itemListElement\":[{\"@type\":\"ListItem\",\"position\":1,\"name\":\"Home\",\"item\":\"https:\\\/\\\/blubase.com\\\/fr\\\/\"},{\"@type\":\"ListItem\",\"position\":2,\"name\":\"Notre parcours\"}]},{\"@type\":\"WebSite\",\"@id\":\"https:\\\/\\\/blubase.com\\\/fr\\\/#website\",\"url\":\"https:\\\/\\\/blubase.com\\\/fr\\\/\",\"name\":\"Blubase\",\"description\":\"Strong in solar support\",\"publisher\":{\"@id\":\"https:\\\/\\\/blubase.com\\\/fr\\\/#organization\"},\"potentialAction\":[{\"@type\":\"SearchAction\",\"target\":{\"@type\":\"EntryPoint\",\"urlTemplate\":\"https:\\\/\\\/blubase.com\\\/fr\\\/?s={search_term_string}\"},\"query-input\":{\"@type\":\"PropertyValueSpecification\",\"valueRequired\":true,\"valueName\":\"search_term_string\"}}],\"inLanguage\":\"fr-FR\"},{\"@type\":\"Organization\",\"@id\":\"https:\\\/\\\/blubase.com\\\/fr\\\/#organization\",\"name\":\"Blubase\",\"url\":\"https:\\\/\\\/blubase.com\\\/fr\\\/\",\"logo\":{\"@type\":\"ImageObject\",\"inLanguage\":\"fr-FR\",\"@id\":\"https:\\\/\\\/blubase.com\\\/fr\\\/#\\\/schema\\\/logo\\\/image\\\/\",\"url\":\"https:\\\/\\\/blubase.com\\\/fr\\\/wp-content\\\/uploads\\\/sites\\\/3\\\/2022\\\/08\\\/blubase-logo.svg\",\"contentUrl\":\"https:\\\/\\\/blubase.com\\\/fr\\\/wp-content\\\/uploads\\\/sites\\\/3\\\/2022\\\/08\\\/blubase-logo.svg\",\"width\":210,\"height\":58,\"caption\":\"Blubase\"},\"image\":{\"@id\":\"https:\\\/\\\/blubase.com\\\/fr\\\/#\\\/schema\\\/logo\\\/image\\\/\"}}]}<\/script>","yoast_head_json":{"title":"Notre parcours - Blubase","description":"BluBase komt voort uit de bundeling van krachten van Solar Construct NL en Solarstell. De fusie versterkt de positie van beide bedrijven.","robots":{"index":"index","follow":"follow","max-snippet":"max-snippet:-1","max-image-preview":"max-image-preview:large","max-video-preview":"max-video-preview:-1"},"canonical":"https:\/\/blubase.com\/fr\/notre_parcours\/","og_locale":"fr_FR","og_type":"article","og_title":"Onze geschiedenis - Blubase","og_description":"Blubase komt voort uit de bundeling van krachten van Solar Construct NL en Solarstell. De fusie versterkt de positie van beide bedrijven.","og_url":"https:\/\/blubase.com\/fr\/notre_parcours\/","og_site_name":"Blubase","article_modified_time":"2023-07-24T08:10:57+00:00","og_image":[{"width":1024,"height":768,"url":"https:\/\/blubase.com\/fr\/wp-content\/uploads\/sites\/2\/2022\/08\/Blubase-bekendmaking.png","type":"image\/png"}],"twitter_card":"summary_large_image","twitter_title":"Onze geschiedenis - Blubase","twitter_description":"Blubase komt voort uit de bundeling van krachten van Solar Construct NL en Solarstell. De fusie versterkt de positie van beide bedrijven.","twitter_image":"https:\/\/blubase.com\/fr\/wp-content\/uploads\/sites\/2\/2022\/08\/Blubase-bekendmaking.png","twitter_misc":{"Dur\u00e9e de lecture estim\u00e9e":"2 minutes"},"schema":{"@context":"https:\/\/schema.org","@graph":[{"@type":"WebPage","@id":"https:\/\/blubase.com\/fr\/notre_parcours\/","url":"https:\/\/blubase.com\/fr\/notre_parcours\/","name":"Notre parcours - Blubase","isPartOf":{"@id":"https:\/\/blubase.com\/fr\/#website"},"datePublished":"2022-08-24T13:18:53+00:00","dateModified":"2023-07-24T08:10:57+00:00","description":"BluBase komt voort uit de bundeling van krachten van Solar Construct NL en Solarstell. De fusie versterkt de positie van beide bedrijven.","breadcrumb":{"@id":"https:\/\/blubase.com\/fr\/notre_parcours\/#breadcrumb"},"inLanguage":"fr-FR","potentialAction":[{"@type":"ReadAction","target":["https:\/\/blubase.com\/fr\/notre_parcours\/"]}]},{"@type":"BreadcrumbList","@id":"https:\/\/blubase.com\/fr\/notre_parcours\/#breadcrumb","itemListElement":[{"@type":"ListItem","position":1,"name":"Home","item":"https:\/\/blubase.com\/fr\/"},{"@type":"ListItem","position":2,"name":"Notre parcours"}]},{"@type":"WebSite","@id":"https:\/\/blubase.com\/fr\/#website","url":"https:\/\/blubase.com\/fr\/","name":"Blubase","description":"Strong in solar support","publisher":{"@id":"https:\/\/blubase.com\/fr\/#organization"},"potentialAction":[{"@type":"SearchAction","target":{"@type":"EntryPoint","urlTemplate":"https:\/\/blubase.com\/fr\/?s={search_term_string}"},"query-input":{"@type":"PropertyValueSpecification","valueRequired":true,"valueName":"search_term_string"}}],"inLanguage":"fr-FR"},{"@type":"Organization","@id":"https:\/\/blubase.com\/fr\/#organization","name":"Blubase","url":"https:\/\/blubase.com\/fr\/","logo":{"@type":"ImageObject","inLanguage":"fr-FR","@id":"https:\/\/blubase.com\/fr\/#\/schema\/logo\/image\/","url":"https:\/\/blubase.com\/fr\/wp-content\/uploads\/sites\/3\/2022\/08\/blubase-logo.svg","contentUrl":"https:\/\/blubase.com\/fr\/wp-content\/uploads\/sites\/3\/2022\/08\/blubase-logo.svg","width":210,"height":58,"caption":"Blubase"},"image":{"@id":"https:\/\/blubase.com\/fr\/#\/schema\/logo\/image\/"}}]}},"_links":{"self":[{"href":"https:\/\/blubase.com\/fr\/wp-json\/wp\/v2\/pages\/2475","targetHints":{"allow":["GET"]}}],"collection":[{"href":"https:\/\/blubase.com\/fr\/wp-json\/wp\/v2\/pages"}],"about":[{"href":"https:\/\/blubase.com\/fr\/wp-json\/wp\/v2\/types\/page"}],"author":[{"embeddable":true,"href":"https:\/\/blubase.com\/fr\/wp-json\/wp\/v2\/users\/2"}],"replies":[{"embeddable":true,"href":"https:\/\/blubase.com\/fr\/wp-json\/wp\/v2\/comments?post=2475"}],"version-history":[{"count":50,"href":"https:\/\/blubase.com\/fr\/wp-json\/wp\/v2\/pages\/2475\/revisions"}],"predecessor-version":[{"id":4577,"href":"https:\/\/blubase.com\/fr\/wp-json\/wp\/v2\/pages\/2475\/revisions\/4577"}],"wp:attachment":[{"href":"https:\/\/blubase.com\/fr\/wp-json\/wp\/v2\/media?parent=2475"}],"curies":[{"name":"wp","href":"https:\/\/api.w.org\/{rel}","templated":true}]}}