{"id":2475,"date":"2022-08-24T15:18:53","date_gmt":"2022-08-24T13:18:53","guid":{"rendered":"https:\/\/blubase.com\/de\/?page_id=2475"},"modified":"2023-04-07T09:44:25","modified_gmt":"2023-04-07T07:44:25","slug":"unsere-geschichte","status":"publish","type":"page","link":"https:\/\/blubase.com\/de\/unsere-geschichte\/","title":{"rendered":"Unsere Geschichte"},"content":{"rendered":"\n<section class=\"hh-block block-row\"data-mb=\"large\">\n    <div class=\"block-row__row row block-row__row--align-stretch\">\n                \n\n<div class=\"hh-block block-column col col--1 col--lg-1\/1\">\n    \n<h2 class=\"hh-block block-heading block-heading--id-69d89b1e8448e h2\"data-mb=\"smaller\" id=\"hh-heading-wo-krafte-gebundelt-werden-entsteht-energie\"\">Wo Kr\u00e4fte geb\u00fcndelt werden, entsteht Energie.<\/h2>\n\n<p class=\"hh-block block-paragraph block-paragraph--id-69d89b1e84560\"data-mb=\"small\">BluBase ist das Ergebnis der Kr\u00e4fteb\u00fcndelung von Solar Construct Nederland und Solarstell.<\/p>\n\n<p class=\"hh-block block-paragraph block-paragraph--id-69d89b1e845bb\"data-mb=\"small\">Der Zusammenschluss st\u00e4rkt die Position beider Organisationen und bietet Potenzial f\u00fcr weiteres Wachstum. Mit unserem Hauptsitz in Zwolle und einer Niederlassung in Rijswijk sind wir bereit, gemeinsam den n\u00e4chsten Schritt zu gehen! Gemeinsam mit Ihnen tragen wir zum n\u00e4chsten Schritt der Energiewende bei. BluBase bietet Ihnen, dem Kunden, das Beste aus beiden Welten. Sie erhalten Zugriff auf ein gr\u00f6\u00dferes Produktportfolio, und unser Service bleibt derselbe. Sie k\u00f6nnen die bekannten Montagesysteme Next, Connect, RoBoost, RoFast oder QS-PV-Anker weiterhin bei uns kaufen.<\/p>\n<\/div>\n            <\/div>\n<\/section>\n\n\n\n<section class=\"hh-block block-row\"data-mb=\"smaller\">\n    <div class=\"block-row__row row block-row__row--preset-1\/2|1\/2 block-row__row--align-stretch\">\n                \n\n<div class=\"hh-block block-column col col--1 col--lg-1\/2\">\n    \n\n\n\n\n<\/div>\n\n\n<div class=\"hh-block block-column col col--1 col--lg-1\/2\">\n    \n\n\n\n    <div class=\"hh-block block-image\"\n         data-mt=\"regular\"         data-mb=\"regular\"         data-horizontal-align=\"centered\"\n         data-vertical-align=\"centered\"\n         data-mobile-align=\"centered\">\n\n        <figure class=\"block-image__inner\" style=\"max-width: 1920px\">\n\n            \n            <div class=\"block-image__image-container\">\n\n                <picture class=\"block-image__picture\" draggable=\"false\">\n\n                    \n                        <source media=\"(min-width: 414px)\"\n                                width=\"1920px\"\n                                height=\"317px\"\n                                srcset=\"https:\/\/blubase.com\/de\/wp-content\/uploads\/sites\/2\/2022\/08\/SolarStell_logo_zwart-scaled.jpg\"\/>\n\n                        <source media=\"(min-width: 0px)\"\n                                width=\"360px\"\n                                height=\"59px\"\n                                srcset=\"https:\/\/blubase.com\/de\/wp-content\/uploads\/sites\/2\/2022\/08\/SolarStell_logo_zwart-scaled.jpg 2x, https:\/\/blubase.com\/de\/wp-content\/uploads\/sites\/2\/2022\/08\/SolarStell_logo_zwart-scaled.jpg\"\/>\n\n                    \n                    <img decoding=\"async\" loading=\"lazy\"\n                         class=\"block-image__image\"\n                         alt=\"SolarStell_logo_fc_outline\"\n                         src=\"https:\/\/blubase.com\/de\/wp-content\/uploads\/sites\/2\/2022\/08\/SolarStell_logo_zwart-scaled.jpg\"\n                         width=\"1920px\"                         height=\"317px\"\/>\n\n                <\/picture>\n\n                                    <div\n                        class=\"block-image__holder block-image__holder--desktop\"\n                        style=\"aspect-ratio: 1920\/317; max-width: 1920px\">\n                    <\/div>\n                \n                                    <div\n                        class=\"block-image__holder block-image__holder--mobile\"\n                        style=\"aspect-ratio: 360\/59; max-width: 360px\">\n                    <\/div>\n                \n            <\/div>\n\n            \n            \n        <\/figure>\n\n    <\/div>\n\n\n\n<\/div>\n            <\/div>\n<\/section>\n\n\n\n<section class=\"hh-block block-row\"data-mb=\"small\">\n    <div class=\"block-row__row row block-row__row--preset-1\/2|1\/2 block-row__row--align-stretch\">\n                \n\n<div class=\"hh-block block-column col col--1 col--lg-1\/2\">\n    \n<p class=\"hh-block block-paragraph block-paragraph--id-69d89b1e86cd9\">Solar Construct aus Maasdijk ist der Hersteller von Montagesystemen f\u00fcr Solarmodule und produziert die bekannten Marken RoBoost, RoFast und QS-PV-Anker. So kann Solar Construct immer eine passende Montagel\u00f6sung f\u00fcr Flach-, Schr\u00e4g- und ballastfreie D\u00e4cher anbieten. Es bietet einen umfassenden Service, durch den die Kunden stets bestens beraten werden.<\/p>\n<\/div>\n\n\n<div class=\"hh-block block-column col col--1 col--lg-1\/2\">\n    \n<p class=\"hh-block block-paragraph block-paragraph--id-69d89b1e86d41\">Solarstell aus Zwolle ist auf dem Markt als Hersteller und Lieferant von Montagesystemen f\u00fcr Solarmodule bekannt. Mit den Montagesystemen Next und Connect bietet Solarstell eine L\u00f6sung sowohl f\u00fcr Schr\u00e4g- als auch f\u00fcr Flachd\u00e4cher. Durch die Zusammenarbeit mit den Installateuren und die Produktion der Systeme im eigenen Haus konnte Solarstell schnell reagieren.<\/p>\n<\/div>\n            <\/div>\n<\/section>\n\n\n\n<section class=\"hh-block block-row block-row--stretch-full-width block-row--full-width\">\n    <div class=\"block-row__row row block-row__row--align-stretch\">\n                \n\n<div class=\"hh-block block-column col col--1 col--lg-1\/1\">\n    \n\n\n    \n    <section class=\"hh-block block-banner\"\n             data-video-loading=\"false\"\n             data-video-active=\"false\"\n             data-video-container-id=\"video-container-69d89b1e87dec\"\n             data-video-display=\"popup\"\n             data-video-type=\"\"\n             data-video-identifier=\"\"\n             data-mt=\"none\"             data-mb=\"none\">\n\n        <figure class=\"block-banner__image-container\">\n\n            <picture class=\"block-banner__picture\"\n                     draggable=\"false\">\n\n                \n                <img decoding=\"async\" loading=\"lazy\"\n                     class=\"block-banner__image\"\n                     style=\"object-position: center center\"\n                     draggable=\"false\"\n                     src=\"https:\/\/blubase.com\/de\/wp-content\/uploads\/sites\/2\/2022\/08\/Blubase-roboost-montagesysteem-voor-golfplaten-dak-overzicht-1920x480.jpg\"\n                     alt=\"Blubase roboost montagesysteem voor golfplaten dak overzicht\"\n                     width=\"1920px\"                     height=\"480px\"\/>\n\n            <\/picture>\n\n        <\/figure>\n\n                    <figure class=\"block-banner__logo\">\n                <img decoding=\"async\" loading=\"lazy\"\n                     class=\"block-banner__image\"\n                     draggable=\"false\"\n                     src=\"https:\/\/blubase.com\/de\/wp-content\/uploads\/sites\/2\/2022\/08\/solar-stell-x-construct.svg\"\n                     alt=\"solar-stell-x-construct\"\n                     width=\"209px\"                     height=\"208px\"\/>\n            <\/figure>\n        \n        <div class=\"block-banner__meta\">\n            <div class=\"block-banner__container container\">\n                <div class=\"block-banner__row row\">\n                    <div class=\"col col--1 col--md-5\/12\">\n                        <div class=\"block-banner__headline align-center\">\n\n                                                            <span class=\"block-banner__heading h1 text-light\">\n                                    M\u00f6chten Sie mehr \u00fcber BluBase erfahren?                                    <\/span>\n                            \n                                                            <div class=\"block-banner__buttons\">\n                                                                            <a href=\"https:\/\/blubase.com\/de\/uber-uns\/\"\n                                           target=\"_self\"\n                                           class=\"btn\"\n                                           role=\"button\"\n                                           title=\"Willkommen bei BluBase\"\n                                                                                       data-button-color=\"primary\"\n                                           data-button-txtColor=\"light\"\n                                           data-button-style=\"filled\"\n                                           data-button-size=\"large\"\n                                            >\n                                                <span class=\"text\">\n                                                    Willkommen bei BluBase                                                <\/span>\n                                                                                    <\/a>\n                                                                    <\/div>\n\n                            \n                        <\/div>\n                    <\/div>\n                <\/div>\n            <\/div>\n        <\/div>\n    <\/section>\n\n\n<\/div>\n            <\/div>\n<\/section>\n","protected":false},"excerpt":{"rendered":"","protected":false},"author":2,"featured_media":0,"parent":0,"menu_order":4,"comment_status":"closed","ping_status":"closed","template":"","meta":{"_acf_changed":false,"footnotes":""},"class_list":["post-2475","page","type-page","status-publish","hentry"],"acf":[],"yoast_head":"<title>Unsere Geschichte - Blubase<\/title>\n<meta name=\"description\" content=\"BluBase komt voort uit de bundeling van krachten van Solar Construct NL en Solarstell. De fusie versterkt de positie van beide bedrijven.\" \/>\n<meta name=\"robots\" content=\"index, follow, max-snippet:-1, max-image-preview:large, max-video-preview:-1\" \/>\n<link rel=\"canonical\" href=\"https:\/\/blubase.com\/de\/unsere-geschichte\/\" \/>\n<meta property=\"og:locale\" content=\"de_DE\" \/>\n<meta property=\"og:type\" content=\"article\" \/>\n<meta property=\"og:title\" content=\"Onze geschiedenis - Blubase\" \/>\n<meta property=\"og:description\" content=\"Blubase komt voort uit de bundeling van krachten van Solar Construct NL en Solarstell. De fusie versterkt de positie van beide bedrijven.\" \/>\n<meta property=\"og:url\" content=\"https:\/\/blubase.com\/de\/unsere-geschichte\/\" \/>\n<meta property=\"og:site_name\" content=\"Blubase\" \/>\n<meta property=\"article:modified_time\" content=\"2023-04-07T07:44:25+00:00\" \/>\n<meta property=\"og:image\" content=\"https:\/\/blubase.com\/de\/wp-content\/uploads\/sites\/2\/2022\/08\/Blubase-bekendmaking.png\" \/>\n\t<meta property=\"og:image:width\" content=\"1024\" \/>\n\t<meta property=\"og:image:height\" content=\"768\" \/>\n\t<meta property=\"og:image:type\" content=\"image\/png\" \/>\n<meta name=\"twitter:card\" content=\"summary_large_image\" \/>\n<meta name=\"twitter:title\" content=\"Onze geschiedenis - Blubase\" \/>\n<meta name=\"twitter:description\" content=\"Blubase komt voort uit de bundeling van krachten van Solar Construct NL en Solarstell. De fusie versterkt de positie van beide bedrijven.\" \/>\n<meta name=\"twitter:image\" content=\"https:\/\/blubase.com\/de\/wp-content\/uploads\/sites\/2\/2022\/08\/Blubase-bekendmaking.png\" \/>\n<meta name=\"twitter:label1\" content=\"Gesch\u00e4tzte Lesezeit\" \/>\n\t<meta name=\"twitter:data1\" content=\"2\u00a0Minuten\" \/>\n<script type=\"application\/ld+json\" class=\"yoast-schema-graph\">{\"@context\":\"https:\\\/\\\/schema.org\",\"@graph\":[{\"@type\":\"WebPage\",\"@id\":\"https:\\\/\\\/blubase.com\\\/de\\\/unsere-geschichte\\\/\",\"url\":\"https:\\\/\\\/blubase.com\\\/de\\\/unsere-geschichte\\\/\",\"name\":\"Unsere Geschichte - Blubase\",\"isPartOf\":{\"@id\":\"https:\\\/\\\/blubase.com\\\/de\\\/#website\"},\"datePublished\":\"2022-08-24T13:18:53+00:00\",\"dateModified\":\"2023-04-07T07:44:25+00:00\",\"description\":\"BluBase komt voort uit de bundeling van krachten van Solar Construct NL en Solarstell. De fusie versterkt de positie van beide bedrijven.\",\"breadcrumb\":{\"@id\":\"https:\\\/\\\/blubase.com\\\/de\\\/unsere-geschichte\\\/#breadcrumb\"},\"inLanguage\":\"de\",\"potentialAction\":[{\"@type\":\"ReadAction\",\"target\":[\"https:\\\/\\\/blubase.com\\\/de\\\/unsere-geschichte\\\/\"]}]},{\"@type\":\"BreadcrumbList\",\"@id\":\"https:\\\/\\\/blubase.com\\\/de\\\/unsere-geschichte\\\/#breadcrumb\",\"itemListElement\":[{\"@type\":\"ListItem\",\"position\":1,\"name\":\"Home\",\"item\":\"https:\\\/\\\/blubase.com\\\/de\\\/\"},{\"@type\":\"ListItem\",\"position\":2,\"name\":\"Unsere Geschichte\"}]},{\"@type\":\"WebSite\",\"@id\":\"https:\\\/\\\/blubase.com\\\/de\\\/#website\",\"url\":\"https:\\\/\\\/blubase.com\\\/de\\\/\",\"name\":\"Blubase\",\"description\":\"Strong in solar support\",\"publisher\":{\"@id\":\"https:\\\/\\\/blubase.com\\\/de\\\/#organization\"},\"potentialAction\":[{\"@type\":\"SearchAction\",\"target\":{\"@type\":\"EntryPoint\",\"urlTemplate\":\"https:\\\/\\\/blubase.com\\\/de\\\/?s={search_term_string}\"},\"query-input\":{\"@type\":\"PropertyValueSpecification\",\"valueRequired\":true,\"valueName\":\"search_term_string\"}}],\"inLanguage\":\"de\"},{\"@type\":\"Organization\",\"@id\":\"https:\\\/\\\/blubase.com\\\/de\\\/#organization\",\"name\":\"Blubase\",\"url\":\"https:\\\/\\\/blubase.com\\\/de\\\/\",\"logo\":{\"@type\":\"ImageObject\",\"inLanguage\":\"de\",\"@id\":\"https:\\\/\\\/blubase.com\\\/de\\\/#\\\/schema\\\/logo\\\/image\\\/\",\"url\":\"https:\\\/\\\/blubase.com\\\/de\\\/wp-content\\\/uploads\\\/sites\\\/3\\\/2022\\\/08\\\/blubase-logo.svg\",\"contentUrl\":\"https:\\\/\\\/blubase.com\\\/de\\\/wp-content\\\/uploads\\\/sites\\\/3\\\/2022\\\/08\\\/blubase-logo.svg\",\"width\":210,\"height\":58,\"caption\":\"Blubase\"},\"image\":{\"@id\":\"https:\\\/\\\/blubase.com\\\/de\\\/#\\\/schema\\\/logo\\\/image\\\/\"}}]}<\/script>","yoast_head_json":{"title":"Unsere Geschichte - Blubase","description":"BluBase komt voort uit de bundeling van krachten van Solar Construct NL en Solarstell. De fusie versterkt de positie van beide bedrijven.","robots":{"index":"index","follow":"follow","max-snippet":"max-snippet:-1","max-image-preview":"max-image-preview:large","max-video-preview":"max-video-preview:-1"},"canonical":"https:\/\/blubase.com\/de\/unsere-geschichte\/","og_locale":"de_DE","og_type":"article","og_title":"Onze geschiedenis - Blubase","og_description":"Blubase komt voort uit de bundeling van krachten van Solar Construct NL en Solarstell. De fusie versterkt de positie van beide bedrijven.","og_url":"https:\/\/blubase.com\/de\/unsere-geschichte\/","og_site_name":"Blubase","article_modified_time":"2023-04-07T07:44:25+00:00","og_image":[{"width":1024,"height":768,"url":"https:\/\/blubase.com\/de\/wp-content\/uploads\/sites\/2\/2022\/08\/Blubase-bekendmaking.png","type":"image\/png"}],"twitter_card":"summary_large_image","twitter_title":"Onze geschiedenis - Blubase","twitter_description":"Blubase komt voort uit de bundeling van krachten van Solar Construct NL en Solarstell. De fusie versterkt de positie van beide bedrijven.","twitter_image":"https:\/\/blubase.com\/de\/wp-content\/uploads\/sites\/2\/2022\/08\/Blubase-bekendmaking.png","twitter_misc":{"Gesch\u00e4tzte Lesezeit":"2\u00a0Minuten"},"schema":{"@context":"https:\/\/schema.org","@graph":[{"@type":"WebPage","@id":"https:\/\/blubase.com\/de\/unsere-geschichte\/","url":"https:\/\/blubase.com\/de\/unsere-geschichte\/","name":"Unsere Geschichte - Blubase","isPartOf":{"@id":"https:\/\/blubase.com\/de\/#website"},"datePublished":"2022-08-24T13:18:53+00:00","dateModified":"2023-04-07T07:44:25+00:00","description":"BluBase komt voort uit de bundeling van krachten van Solar Construct NL en Solarstell. De fusie versterkt de positie van beide bedrijven.","breadcrumb":{"@id":"https:\/\/blubase.com\/de\/unsere-geschichte\/#breadcrumb"},"inLanguage":"de","potentialAction":[{"@type":"ReadAction","target":["https:\/\/blubase.com\/de\/unsere-geschichte\/"]}]},{"@type":"BreadcrumbList","@id":"https:\/\/blubase.com\/de\/unsere-geschichte\/#breadcrumb","itemListElement":[{"@type":"ListItem","position":1,"name":"Home","item":"https:\/\/blubase.com\/de\/"},{"@type":"ListItem","position":2,"name":"Unsere Geschichte"}]},{"@type":"WebSite","@id":"https:\/\/blubase.com\/de\/#website","url":"https:\/\/blubase.com\/de\/","name":"Blubase","description":"Strong in solar support","publisher":{"@id":"https:\/\/blubase.com\/de\/#organization"},"potentialAction":[{"@type":"SearchAction","target":{"@type":"EntryPoint","urlTemplate":"https:\/\/blubase.com\/de\/?s={search_term_string}"},"query-input":{"@type":"PropertyValueSpecification","valueRequired":true,"valueName":"search_term_string"}}],"inLanguage":"de"},{"@type":"Organization","@id":"https:\/\/blubase.com\/de\/#organization","name":"Blubase","url":"https:\/\/blubase.com\/de\/","logo":{"@type":"ImageObject","inLanguage":"de","@id":"https:\/\/blubase.com\/de\/#\/schema\/logo\/image\/","url":"https:\/\/blubase.com\/de\/wp-content\/uploads\/sites\/3\/2022\/08\/blubase-logo.svg","contentUrl":"https:\/\/blubase.com\/de\/wp-content\/uploads\/sites\/3\/2022\/08\/blubase-logo.svg","width":210,"height":58,"caption":"Blubase"},"image":{"@id":"https:\/\/blubase.com\/de\/#\/schema\/logo\/image\/"}}]}},"_links":{"self":[{"href":"https:\/\/blubase.com\/de\/wp-json\/wp\/v2\/pages\/2475","targetHints":{"allow":["GET"]}}],"collection":[{"href":"https:\/\/blubase.com\/de\/wp-json\/wp\/v2\/pages"}],"about":[{"href":"https:\/\/blubase.com\/de\/wp-json\/wp\/v2\/types\/page"}],"author":[{"embeddable":true,"href":"https:\/\/blubase.com\/de\/wp-json\/wp\/v2\/users\/2"}],"replies":[{"embeddable":true,"href":"https:\/\/blubase.com\/de\/wp-json\/wp\/v2\/comments?post=2475"}],"version-history":[{"count":49,"href":"https:\/\/blubase.com\/de\/wp-json\/wp\/v2\/pages\/2475\/revisions"}],"predecessor-version":[{"id":4410,"href":"https:\/\/blubase.com\/de\/wp-json\/wp\/v2\/pages\/2475\/revisions\/4410"}],"wp:attachment":[{"href":"https:\/\/blubase.com\/de\/wp-json\/wp\/v2\/media?parent=2475"}],"curies":[{"name":"wp","href":"https:\/\/api.w.org\/{rel}","templated":true}]}}